{"id":116,"date":"2020-11-28T17:50:33","date_gmt":"2020-11-28T17:50:33","guid":{"rendered":"http:\/\/juristasgitanos.org\/?page_id=116"},"modified":"2022-02-09T09:04:05","modified_gmt":"2022-02-09T09:04:05","slug":"juristas-gitanos","status":"publish","type":"page","link":"https:\/\/juristasgitanos.org\/en\/","title":{"rendered":"Asociaci\u00f3n de Juristas Gitanos"},"content":{"rendered":"","protected":false},"excerpt":{"rendered":"<p>Juristas Gitanos | Lucha contra la discriminaci\u00f3n y defensa legal de los derechos de las minor\u00edas<\/p>","protected":false},"author":1,"featured_media":0,"parent":0,"menu_order":0,"comment_status":"closed","ping_status":"closed","template":"","meta":{"_bbp_topic_count":0,"_bbp_reply_count":0,"_bbp_total_topic_count":0,"_bbp_total_reply_count":0,"_bbp_voice_count":0,"_bbp_anonymous_reply_count":0,"_bbp_topic_count_hidden":0,"_bbp_reply_count_hidden":0,"_bbp_forum_subforum_count":0,"footnotes":""},"yoast_head":"<!-- This site is optimized with the Yoast SEO plugin v22.4 - https:\/\/yoast.com\/wordpress\/plugins\/seo\/ -->\n<title>Asociaci\u00f3n de Juristas Gitanos - No Blog Title Set<\/title>\n<meta name=\"robots\" content=\"index, follow, max-snippet:-1, max-image-preview:large, max-video-preview:-1\" \/>\n<link rel=\"canonical\" href=\"http:\/\/juristasgitanos.org\/en\/\" \/>\n<meta property=\"og:locale\" content=\"en_US\" \/>\n<meta property=\"og:type\" content=\"article\" \/>\n<meta property=\"og:title\" content=\"Asociaci\u00f3n de Juristas Gitanos - No Blog Title Set\" \/>\n<meta property=\"og:description\" content=\"Juristas Gitanos | Lucha contra la discriminaci\u00f3n y defensa legal de los derechos de las minor\u00edas\" \/>\n<meta property=\"og:url\" content=\"http:\/\/juristasgitanos.org\/en\/\" \/>\n<meta property=\"og:site_name\" content=\"No Blog Title Set\" \/>\n<meta property=\"article:modified_time\" content=\"2022-02-09T09:04:05+00:00\" \/>\n<meta name=\"twitter:card\" content=\"summary_large_image\" \/>\n<script type=\"application\/ld+json\" class=\"yoast-schema-graph\">{\"@context\":\"https:\/\/schema.org\",\"@graph\":[{\"@type\":\"WebPage\",\"@id\":\"http:\/\/juristasgitanos.org\/en\/\",\"url\":\"http:\/\/juristasgitanos.org\/en\/\",\"name\":\"Asociaci\u00f3n de Juristas Gitanos - No Blog Title Set\",\"isPartOf\":{\"@id\":\"http:\/\/juristasgitanos.org\/en\/#website\"},\"datePublished\":\"2020-11-28T17:50:33+00:00\",\"dateModified\":\"2022-02-09T09:04:05+00:00\",\"breadcrumb\":{\"@id\":\"http:\/\/juristasgitanos.org\/en\/#breadcrumb\"},\"inLanguage\":\"en-US\",\"potentialAction\":[{\"@type\":\"ReadAction\",\"target\":[\"http:\/\/juristasgitanos.org\/en\/\"]}]},{\"@type\":\"BreadcrumbList\",\"@id\":\"http:\/\/juristasgitanos.org\/en\/#breadcrumb\",\"itemListElement\":[{\"@type\":\"ListItem\",\"position\":1,\"name\":\"Portada\",\"item\":\"http:\/\/juristasgitanos.org\/en\/\"},{\"@type\":\"ListItem\",\"position\":2,\"name\":\"Asociaci\u00f3n de Juristas Gitanos\"}]},{\"@type\":\"WebSite\",\"@id\":\"http:\/\/juristasgitanos.org\/en\/#website\",\"url\":\"http:\/\/juristasgitanos.org\/en\/\",\"name\":\"No Blog Title Set\",\"description\":\"\",\"publisher\":{\"@id\":\"http:\/\/juristasgitanos.org\/en\/#organization\"},\"potentialAction\":[{\"@type\":\"SearchAction\",\"target\":{\"@type\":\"EntryPoint\",\"urlTemplate\":\"http:\/\/juristasgitanos.org\/en\/?s={search_term_string}\"},\"query-input\":\"required name=search_term_string\"}],\"inLanguage\":\"en-US\"},{\"@type\":\"Organization\",\"@id\":\"http:\/\/juristasgitanos.org\/en\/#organization\",\"name\":\"No Blog Title Set\",\"url\":\"http:\/\/juristasgitanos.org\/en\/\",\"logo\":{\"@type\":\"ImageObject\",\"inLanguage\":\"en-US\",\"@id\":\"http:\/\/juristasgitanos.org\/en\/#\/schema\/logo\/image\/\",\"url\":\"http:\/\/juristasgitanos.org\/wp-content\/uploads\/2021\/04\/fb-share-1.jpg\",\"contentUrl\":\"http:\/\/juristasgitanos.org\/wp-content\/uploads\/2021\/04\/fb-share-1.jpg\",\"width\":1044,\"height\":548,\"caption\":\"No Blog Title Set\"},\"image\":{\"@id\":\"http:\/\/juristasgitanos.org\/en\/#\/schema\/logo\/image\/\"},\"sameAs\":[\"https:\/\/api.whatsapp.com\/send?phone=34675931823\"]}]}<\/script>\n<!-- \/ Yoast SEO plugin. -->","yoast_head_json":{"title":"Asociaci\u00f3n de Juristas Gitanos - No Blog Title Set","robots":{"index":"index","follow":"follow","max-snippet":"max-snippet:-1","max-image-preview":"max-image-preview:large","max-video-preview":"max-video-preview:-1"},"canonical":"http:\/\/juristasgitanos.org\/en\/","og_locale":"en_US","og_type":"article","og_title":"Asociaci\u00f3n de Juristas Gitanos - No Blog Title Set","og_description":"Juristas Gitanos | Lucha contra la discriminaci\u00f3n y defensa legal de los derechos de las minor\u00edas","og_url":"http:\/\/juristasgitanos.org\/en\/","og_site_name":"No Blog Title Set","article_modified_time":"2022-02-09T09:04:05+00:00","twitter_card":"summary_large_image","schema":{"@context":"https:\/\/schema.org","@graph":[{"@type":"WebPage","@id":"http:\/\/juristasgitanos.org\/en\/","url":"http:\/\/juristasgitanos.org\/en\/","name":"Asociaci\u00f3n de Juristas Gitanos - No Blog Title Set","isPartOf":{"@id":"http:\/\/juristasgitanos.org\/en\/#website"},"datePublished":"2020-11-28T17:50:33+00:00","dateModified":"2022-02-09T09:04:05+00:00","breadcrumb":{"@id":"http:\/\/juristasgitanos.org\/en\/#breadcrumb"},"inLanguage":"en-US","potentialAction":[{"@type":"ReadAction","target":["http:\/\/juristasgitanos.org\/en\/"]}]},{"@type":"BreadcrumbList","@id":"http:\/\/juristasgitanos.org\/en\/#breadcrumb","itemListElement":[{"@type":"ListItem","position":1,"name":"Portada","item":"http:\/\/juristasgitanos.org\/en\/"},{"@type":"ListItem","position":2,"name":"Asociaci\u00f3n de Juristas Gitanos"}]},{"@type":"WebSite","@id":"http:\/\/juristasgitanos.org\/en\/#website","url":"http:\/\/juristasgitanos.org\/en\/","name":"No Blog Title Set","description":"","publisher":{"@id":"http:\/\/juristasgitanos.org\/en\/#organization"},"potentialAction":[{"@type":"SearchAction","target":{"@type":"EntryPoint","urlTemplate":"http:\/\/juristasgitanos.org\/en\/?s={search_term_string}"},"query-input":"required name=search_term_string"}],"inLanguage":"en-US"},{"@type":"Organization","@id":"http:\/\/juristasgitanos.org\/en\/#organization","name":"No Blog Title Set","url":"http:\/\/juristasgitanos.org\/en\/","logo":{"@type":"ImageObject","inLanguage":"en-US","@id":"http:\/\/juristasgitanos.org\/en\/#\/schema\/logo\/image\/","url":"http:\/\/juristasgitanos.org\/wp-content\/uploads\/2021\/04\/fb-share-1.jpg","contentUrl":"http:\/\/juristasgitanos.org\/wp-content\/uploads\/2021\/04\/fb-share-1.jpg","width":1044,"height":548,"caption":"No Blog Title Set"},"image":{"@id":"http:\/\/juristasgitanos.org\/en\/#\/schema\/logo\/image\/"},"sameAs":["https:\/\/api.whatsapp.com\/send?phone=34675931823"]}]}},"_links":{"self":[{"href":"https:\/\/juristasgitanos.org\/en\/wp-json\/wp\/v2\/pages\/116"}],"collection":[{"href":"https:\/\/juristasgitanos.org\/en\/wp-json\/wp\/v2\/pages"}],"about":[{"href":"https:\/\/juristasgitanos.org\/en\/wp-json\/wp\/v2\/types\/page"}],"author":[{"embeddable":true,"href":"https:\/\/juristasgitanos.org\/en\/wp-json\/wp\/v2\/users\/1"}],"replies":[{"embeddable":true,"href":"https:\/\/juristasgitanos.org\/en\/wp-json\/wp\/v2\/comments?post=116"}],"version-history":[{"count":1,"href":"https:\/\/juristasgitanos.org\/en\/wp-json\/wp\/v2\/pages\/116\/revisions"}],"predecessor-version":[{"id":59216,"href":"https:\/\/juristasgitanos.org\/en\/wp-json\/wp\/v2\/pages\/116\/revisions\/59216"}],"wp:attachment":[{"href":"https:\/\/juristasgitanos.org\/en\/wp-json\/wp\/v2\/media?parent=116"}],"curies":[{"name":"wp","href":"https:\/\/api.w.org\/{rel}","templated":true}]}}